{"id":4517,"date":"2025-10-18T09:53:36","date_gmt":"2025-10-18T01:53:36","guid":{"rendered":"https:\/\/template05.zehannet.net\/?post_type=product&#038;p=4517"},"modified":"2025-10-18T09:53:36","modified_gmt":"2025-10-18T01:53:36","slug":"caja-tubo-carton-hermetico-personalizado-para-envasar-cafe-en-polvo","status":"publish","type":"product","link":"https:\/\/template05.zehannet.net\/es\/custom-airtight-cardboard-tube-box-for-coffee-powder-packaging\/","title":{"rendered":"Caja de tubo de cart\u00f3n herm\u00e9tico personalizado para envasado de caf\u00e9 en polvo"},"content":{"rendered":"<p>visualize your coffee powder snuggled in packaging that&#8217;s both sophisticated and extremely effective. this timeless cardboard tube is skillfully made for coffee, including a food-grade metal lid and bottom, paired with a light weight aluminum foil cellular lining. this powerful combination develops an airtight seal, substantially extending service life and ensuring every scoop of coffee is as fresh as the day it was baked. crafted from recyclable cardboard, it&#8217;s an option that mirrors your dedication to sustainability. your brand will beam with striking silver warm foil marking and a sophisticated matt lamination. while this example is 8 * 10 cm, we can fully customize every information to create a special and memorable unboxing experience for your clients.<\/p>","protected":false},"excerpt":{"rendered":"<p>this airtight, sustainable cardboard tube with a metal cover, bottom, and food-grade foil lining flawlessly preserves coffee powder. adjustable and environmentally friendly.<\/p>","protected":false},"featured_media":1479,"template":"","meta":{"_gspb_post_css":""},"product_brand":[],"product_cat":[15,383,389],"product_tag":[445,444,443],"class_list":{"0":"post-4517","1":"product","2":"type-product","3":"status-publish","4":"has-post-thumbnail","6":"product_cat-paper-canisters","7":"product_cat-coffee-paper-tubes","8":"product_cat-superfood-paper-canisters","9":"product_tag-airtight-container","10":"product_tag-cardboard-tube","11":"product_tag-coffee-packaging","13":"first","14":"instock","15":"shipping-taxable","16":"product-type-simple"},"_links":{"self":[{"href":"https:\/\/template05.zehannet.net\/es\/wp-json\/wp\/v2\/product\/4517","targetHints":{"allow":["GET"]}}],"collection":[{"href":"https:\/\/template05.zehannet.net\/es\/wp-json\/wp\/v2\/product"}],"about":[{"href":"https:\/\/template05.zehannet.net\/es\/wp-json\/wp\/v2\/types\/product"}],"wp:featuredmedia":[{"embeddable":true,"href":"https:\/\/template05.zehannet.net\/es\/wp-json\/wp\/v2\/media\/1479"}],"wp:attachment":[{"href":"https:\/\/template05.zehannet.net\/es\/wp-json\/wp\/v2\/media?parent=4517"}],"wp:term":[{"taxonomy":"product_brand","embeddable":true,"href":"https:\/\/template05.zehannet.net\/es\/wp-json\/wp\/v2\/product_brand?post=4517"},{"taxonomy":"product_cat","embeddable":true,"href":"https:\/\/template05.zehannet.net\/es\/wp-json\/wp\/v2\/product_cat?post=4517"},{"taxonomy":"product_tag","embeddable":true,"href":"https:\/\/template05.zehannet.net\/es\/wp-json\/wp\/v2\/product_tag?post=4517"}],"curies":[{"name":"wp","href":"https:\/\/api.w.org\/{rel}","templated":true}]}}